{"id":42844,"date":"2024-07-22T10:32:16","date_gmt":"2024-07-22T10:32:16","guid":{"rendered":"https:\/\/fivir.es\/donors\/donantes-de-ovulos\/"},"modified":"2024-09-25T13:16:38","modified_gmt":"2024-09-25T13:16:38","slug":"egg-donation","status":"publish","type":"page","link":"https:\/\/fivir.es\/en\/donors\/egg-donation\/","title":{"rendered":"Egg Donation"},"content":{"rendered":"","protected":false},"excerpt":{"rendered":"","protected":false},"author":1,"featured_media":0,"parent":42841,"menu_order":0,"comment_status":"closed","ping_status":"closed","template":"","meta":{"_acf_changed":false,"_joinchat":[],"footnotes":""},"class_list":["post-42844","page","type-page","status-publish","hentry"],"acf":[],"yoast_head":"<!-- This site is optimized with the Yoast SEO plugin v23.6 - https:\/\/yoast.com\/wordpress\/plugins\/seo\/ -->\n<title>Become an egg donor in Valencia. You can do it at FIVIR<\/title>\n<meta name=\"description\" content=\"The egg donation process is an option many women consider to help those struggling to conceive. Book your appointment!\" \/>\n<meta name=\"robots\" content=\"index, follow, max-snippet:-1, max-image-preview:large, max-video-preview:-1\" \/>\n<link rel=\"canonical\" href=\"https:\/\/fivir.es\/en\/donors\/egg-donation\/\" \/>\n<meta property=\"og:locale\" content=\"en_US\" \/>\n<meta property=\"og:type\" content=\"article\" \/>\n<meta property=\"og:title\" content=\"Become an egg donor in Valencia. You can do it at FIVIR\" \/>\n<meta property=\"og:description\" content=\"The egg donation process is an option many women consider to help those struggling to conceive. Book your appointment!\" \/>\n<meta property=\"og:url\" content=\"https:\/\/fivir.es\/en\/donors\/egg-donation\/\" \/>\n<meta property=\"og:site_name\" content=\"Fivir\" \/>\n<meta property=\"article:publisher\" content=\"https:\/\/www.facebook.com\/Institutofivir\/\" \/>\n<meta property=\"article:modified_time\" content=\"2024-09-25T13:16:38+00:00\" \/>\n<meta name=\"twitter:card\" content=\"summary_large_image\" \/>\n<meta name=\"twitter:label1\" content=\"Est. reading time\" \/>\n\t<meta name=\"twitter:data1\" content=\"8 minutes\" \/>\n<script type=\"application\/ld+json\" class=\"yoast-schema-graph\">{\"@context\":\"https:\/\/schema.org\",\"@graph\":[{\"@type\":\"WebPage\",\"@id\":\"https:\/\/fivir.es\/en\/donors\/egg-donation\/\",\"url\":\"https:\/\/fivir.es\/en\/donors\/egg-donation\/\",\"name\":\"Become an egg donor in Valencia. You can do it at FIVIR\",\"isPartOf\":{\"@id\":\"https:\/\/fivir.es\/en\/#website\"},\"datePublished\":\"2024-07-22T10:32:16+00:00\",\"dateModified\":\"2024-09-25T13:16:38+00:00\",\"description\":\"The egg donation process is an option many women consider to help those struggling to conceive. Book your appointment!\",\"breadcrumb\":{\"@id\":\"https:\/\/fivir.es\/en\/donors\/egg-donation\/#breadcrumb\"},\"inLanguage\":\"en-US\",\"potentialAction\":[{\"@type\":\"ReadAction\",\"target\":[\"https:\/\/fivir.es\/en\/donors\/egg-donation\/\"]}]},{\"@type\":\"BreadcrumbList\",\"@id\":\"https:\/\/fivir.es\/en\/donors\/egg-donation\/#breadcrumb\",\"itemListElement\":[{\"@type\":\"ListItem\",\"position\":1,\"name\":\"Portada\",\"item\":\"https:\/\/fivir.es\/en\/home\/\"},{\"@type\":\"ListItem\",\"position\":2,\"name\":\"Donors\",\"item\":\"https:\/\/fivir.es\/en\/donors\/\"},{\"@type\":\"ListItem\",\"position\":3,\"name\":\"Egg Donation\"}]},{\"@type\":\"WebSite\",\"@id\":\"https:\/\/fivir.es\/en\/#website\",\"url\":\"https:\/\/fivir.es\/en\/\",\"name\":\"FIVIR\",\"description\":\"Queremos ser tu cl\u00ednica de reproducci\u00f3n asistida y acompa\u00f1arte en el camino a la maternidad.\",\"alternateName\":\"FIVIR\",\"potentialAction\":[{\"@type\":\"SearchAction\",\"target\":{\"@type\":\"EntryPoint\",\"urlTemplate\":\"https:\/\/fivir.es\/en\/?s={search_term_string}\"},\"query-input\":{\"@type\":\"PropertyValueSpecification\",\"valueRequired\":true,\"valueName\":\"search_term_string\"}}],\"inLanguage\":\"en-US\"}]}<\/script>\n<!-- \/ Yoast SEO plugin. -->","yoast_head_json":{"title":"Become an egg donor in Valencia. You can do it at FIVIR","description":"The egg donation process is an option many women consider to help those struggling to conceive. Book your appointment!","robots":{"index":"index","follow":"follow","max-snippet":"max-snippet:-1","max-image-preview":"max-image-preview:large","max-video-preview":"max-video-preview:-1"},"canonical":"https:\/\/fivir.es\/en\/donors\/egg-donation\/","og_locale":"en_US","og_type":"article","og_title":"Become an egg donor in Valencia. You can do it at FIVIR","og_description":"The egg donation process is an option many women consider to help those struggling to conceive. Book your appointment!","og_url":"https:\/\/fivir.es\/en\/donors\/egg-donation\/","og_site_name":"Fivir","article_publisher":"https:\/\/www.facebook.com\/Institutofivir\/","article_modified_time":"2024-09-25T13:16:38+00:00","twitter_card":"summary_large_image","twitter_misc":{"Est. reading time":"8 minutes"},"schema":{"@context":"https:\/\/schema.org","@graph":[{"@type":"WebPage","@id":"https:\/\/fivir.es\/en\/donors\/egg-donation\/","url":"https:\/\/fivir.es\/en\/donors\/egg-donation\/","name":"Become an egg donor in Valencia. You can do it at FIVIR","isPartOf":{"@id":"https:\/\/fivir.es\/en\/#website"},"datePublished":"2024-07-22T10:32:16+00:00","dateModified":"2024-09-25T13:16:38+00:00","description":"The egg donation process is an option many women consider to help those struggling to conceive. Book your appointment!","breadcrumb":{"@id":"https:\/\/fivir.es\/en\/donors\/egg-donation\/#breadcrumb"},"inLanguage":"en-US","potentialAction":[{"@type":"ReadAction","target":["https:\/\/fivir.es\/en\/donors\/egg-donation\/"]}]},{"@type":"BreadcrumbList","@id":"https:\/\/fivir.es\/en\/donors\/egg-donation\/#breadcrumb","itemListElement":[{"@type":"ListItem","position":1,"name":"Portada","item":"https:\/\/fivir.es\/en\/home\/"},{"@type":"ListItem","position":2,"name":"Donors","item":"https:\/\/fivir.es\/en\/donors\/"},{"@type":"ListItem","position":3,"name":"Egg Donation"}]},{"@type":"WebSite","@id":"https:\/\/fivir.es\/en\/#website","url":"https:\/\/fivir.es\/en\/","name":"FIVIR","description":"Queremos ser tu cl\u00ednica de reproducci\u00f3n asistida y acompa\u00f1arte en el camino a la maternidad.","alternateName":"FIVIR","potentialAction":[{"@type":"SearchAction","target":{"@type":"EntryPoint","urlTemplate":"https:\/\/fivir.es\/en\/?s={search_term_string}"},"query-input":{"@type":"PropertyValueSpecification","valueRequired":true,"valueName":"search_term_string"}}],"inLanguage":"en-US"}]}},"_links":{"self":[{"href":"https:\/\/fivir.es\/en\/wp-json\/wp\/v2\/pages\/42844","targetHints":{"allow":["GET"]}}],"collection":[{"href":"https:\/\/fivir.es\/en\/wp-json\/wp\/v2\/pages"}],"about":[{"href":"https:\/\/fivir.es\/en\/wp-json\/wp\/v2\/types\/page"}],"author":[{"embeddable":true,"href":"https:\/\/fivir.es\/en\/wp-json\/wp\/v2\/users\/1"}],"replies":[{"embeddable":true,"href":"https:\/\/fivir.es\/en\/wp-json\/wp\/v2\/comments?post=42844"}],"version-history":[{"count":1,"href":"https:\/\/fivir.es\/en\/wp-json\/wp\/v2\/pages\/42844\/revisions"}],"predecessor-version":[{"id":42845,"href":"https:\/\/fivir.es\/en\/wp-json\/wp\/v2\/pages\/42844\/revisions\/42845"}],"up":[{"embeddable":true,"href":"https:\/\/fivir.es\/en\/wp-json\/wp\/v2\/pages\/42841"}],"wp:attachment":[{"href":"https:\/\/fivir.es\/en\/wp-json\/wp\/v2\/media?parent=42844"}],"curies":[{"name":"wp","href":"https:\/\/api.w.org\/{rel}","templated":true}]}}