{"id":42852,"date":"2024-07-22T11:02:07","date_gmt":"2024-07-22T11:02:07","guid":{"rendered":"https:\/\/fivir.es\/contacto\/"},"modified":"2024-10-10T10:53:12","modified_gmt":"2024-10-10T10:53:12","slug":"contact","status":"publish","type":"page","link":"https:\/\/fivir.es\/en\/contact\/","title":{"rendered":"Contact"},"content":{"rendered":"","protected":false},"excerpt":{"rendered":"","protected":false},"author":1,"featured_media":0,"parent":0,"menu_order":0,"comment_status":"closed","ping_status":"closed","template":"","meta":{"_acf_changed":false,"_joinchat":[],"footnotes":""},"class_list":["post-42852","page","type-page","status-publish","hentry"],"acf":[],"yoast_head":"<!-- This site is optimized with the Yoast SEO plugin v23.6 - https:\/\/yoast.com\/wordpress\/plugins\/seo\/ -->\n<title>Pide tu cita. Ser mam\u00e1 es mucho m\u00e1s f\u00e1cil en FIVIR.<\/title>\n<meta name=\"description\" content=\"En FIVIR queremos ayudarte en tu camino hacia la maternidad. Contacta con nosotros y juntos daremos los pasos hacia tu sue\u00f1o.\" \/>\n<meta name=\"robots\" content=\"index, follow, max-snippet:-1, max-image-preview:large, max-video-preview:-1\" \/>\n<link rel=\"canonical\" href=\"https:\/\/fivir.es\/en\/contact\/\" \/>\n<meta property=\"og:locale\" content=\"en_US\" \/>\n<meta property=\"og:type\" content=\"article\" \/>\n<meta property=\"og:title\" content=\"Pide tu cita. Ser mam\u00e1 es mucho m\u00e1s f\u00e1cil en FIVIR.\" \/>\n<meta property=\"og:description\" content=\"En FIVIR queremos ayudarte en tu camino hacia la maternidad. Contacta con nosotros y juntos daremos los pasos hacia tu sue\u00f1o.\" \/>\n<meta property=\"og:url\" content=\"https:\/\/fivir.es\/en\/contact\/\" \/>\n<meta property=\"og:site_name\" content=\"Fivir\" \/>\n<meta property=\"article:publisher\" content=\"https:\/\/www.facebook.com\/Institutofivir\/\" \/>\n<meta property=\"article:modified_time\" content=\"2024-10-10T10:53:12+00:00\" \/>\n<meta name=\"twitter:card\" content=\"summary_large_image\" \/>\n<meta name=\"twitter:label1\" content=\"Est. reading time\" \/>\n\t<meta name=\"twitter:data1\" content=\"1 minute\" \/>\n<script type=\"application\/ld+json\" class=\"yoast-schema-graph\">{\"@context\":\"https:\/\/schema.org\",\"@graph\":[{\"@type\":\"WebPage\",\"@id\":\"https:\/\/fivir.es\/en\/contact\/\",\"url\":\"https:\/\/fivir.es\/en\/contact\/\",\"name\":\"Pide tu cita. Ser mam\u00e1 es mucho m\u00e1s f\u00e1cil en FIVIR.\",\"isPartOf\":{\"@id\":\"https:\/\/fivir.es\/en\/#website\"},\"datePublished\":\"2024-07-22T11:02:07+00:00\",\"dateModified\":\"2024-10-10T10:53:12+00:00\",\"description\":\"En FIVIR queremos ayudarte en tu camino hacia la maternidad. Contacta con nosotros y juntos daremos los pasos hacia tu sue\u00f1o.\",\"breadcrumb\":{\"@id\":\"https:\/\/fivir.es\/en\/contact\/#breadcrumb\"},\"inLanguage\":\"en-US\",\"potentialAction\":[{\"@type\":\"ReadAction\",\"target\":[\"https:\/\/fivir.es\/en\/contact\/\"]}]},{\"@type\":\"BreadcrumbList\",\"@id\":\"https:\/\/fivir.es\/en\/contact\/#breadcrumb\",\"itemListElement\":[{\"@type\":\"ListItem\",\"position\":1,\"name\":\"Portada\",\"item\":\"https:\/\/fivir.es\/en\/home\/\"},{\"@type\":\"ListItem\",\"position\":2,\"name\":\"Contact\"}]},{\"@type\":\"WebSite\",\"@id\":\"https:\/\/fivir.es\/en\/#website\",\"url\":\"https:\/\/fivir.es\/en\/\",\"name\":\"FIVIR\",\"description\":\"Queremos ser tu cl\u00ednica de reproducci\u00f3n asistida y acompa\u00f1arte en el camino a la maternidad.\",\"alternateName\":\"FIVIR\",\"potentialAction\":[{\"@type\":\"SearchAction\",\"target\":{\"@type\":\"EntryPoint\",\"urlTemplate\":\"https:\/\/fivir.es\/en\/?s={search_term_string}\"},\"query-input\":{\"@type\":\"PropertyValueSpecification\",\"valueRequired\":true,\"valueName\":\"search_term_string\"}}],\"inLanguage\":\"en-US\"}]}<\/script>\n<!-- \/ Yoast SEO plugin. -->","yoast_head_json":{"title":"Pide tu cita. Ser mam\u00e1 es mucho m\u00e1s f\u00e1cil en FIVIR.","description":"En FIVIR queremos ayudarte en tu camino hacia la maternidad. Contacta con nosotros y juntos daremos los pasos hacia tu sue\u00f1o.","robots":{"index":"index","follow":"follow","max-snippet":"max-snippet:-1","max-image-preview":"max-image-preview:large","max-video-preview":"max-video-preview:-1"},"canonical":"https:\/\/fivir.es\/en\/contact\/","og_locale":"en_US","og_type":"article","og_title":"Pide tu cita. Ser mam\u00e1 es mucho m\u00e1s f\u00e1cil en FIVIR.","og_description":"En FIVIR queremos ayudarte en tu camino hacia la maternidad. Contacta con nosotros y juntos daremos los pasos hacia tu sue\u00f1o.","og_url":"https:\/\/fivir.es\/en\/contact\/","og_site_name":"Fivir","article_publisher":"https:\/\/www.facebook.com\/Institutofivir\/","article_modified_time":"2024-10-10T10:53:12+00:00","twitter_card":"summary_large_image","twitter_misc":{"Est. reading time":"1 minute"},"schema":{"@context":"https:\/\/schema.org","@graph":[{"@type":"WebPage","@id":"https:\/\/fivir.es\/en\/contact\/","url":"https:\/\/fivir.es\/en\/contact\/","name":"Pide tu cita. Ser mam\u00e1 es mucho m\u00e1s f\u00e1cil en FIVIR.","isPartOf":{"@id":"https:\/\/fivir.es\/en\/#website"},"datePublished":"2024-07-22T11:02:07+00:00","dateModified":"2024-10-10T10:53:12+00:00","description":"En FIVIR queremos ayudarte en tu camino hacia la maternidad. Contacta con nosotros y juntos daremos los pasos hacia tu sue\u00f1o.","breadcrumb":{"@id":"https:\/\/fivir.es\/en\/contact\/#breadcrumb"},"inLanguage":"en-US","potentialAction":[{"@type":"ReadAction","target":["https:\/\/fivir.es\/en\/contact\/"]}]},{"@type":"BreadcrumbList","@id":"https:\/\/fivir.es\/en\/contact\/#breadcrumb","itemListElement":[{"@type":"ListItem","position":1,"name":"Portada","item":"https:\/\/fivir.es\/en\/home\/"},{"@type":"ListItem","position":2,"name":"Contact"}]},{"@type":"WebSite","@id":"https:\/\/fivir.es\/en\/#website","url":"https:\/\/fivir.es\/en\/","name":"FIVIR","description":"Queremos ser tu cl\u00ednica de reproducci\u00f3n asistida y acompa\u00f1arte en el camino a la maternidad.","alternateName":"FIVIR","potentialAction":[{"@type":"SearchAction","target":{"@type":"EntryPoint","urlTemplate":"https:\/\/fivir.es\/en\/?s={search_term_string}"},"query-input":{"@type":"PropertyValueSpecification","valueRequired":true,"valueName":"search_term_string"}}],"inLanguage":"en-US"}]}},"_links":{"self":[{"href":"https:\/\/fivir.es\/en\/wp-json\/wp\/v2\/pages\/42852","targetHints":{"allow":["GET"]}}],"collection":[{"href":"https:\/\/fivir.es\/en\/wp-json\/wp\/v2\/pages"}],"about":[{"href":"https:\/\/fivir.es\/en\/wp-json\/wp\/v2\/types\/page"}],"author":[{"embeddable":true,"href":"https:\/\/fivir.es\/en\/wp-json\/wp\/v2\/users\/1"}],"replies":[{"embeddable":true,"href":"https:\/\/fivir.es\/en\/wp-json\/wp\/v2\/comments?post=42852"}],"version-history":[{"count":3,"href":"https:\/\/fivir.es\/en\/wp-json\/wp\/v2\/pages\/42852\/revisions"}],"predecessor-version":[{"id":43198,"href":"https:\/\/fivir.es\/en\/wp-json\/wp\/v2\/pages\/42852\/revisions\/43198"}],"wp:attachment":[{"href":"https:\/\/fivir.es\/en\/wp-json\/wp\/v2\/media?parent=42852"}],"curies":[{"name":"wp","href":"https:\/\/api.w.org\/{rel}","templated":true}]}}