{"id":42853,"date":"2024-07-04T13:38:47","date_gmt":"2024-07-04T13:38:47","guid":{"rendered":"https:\/\/fivir.es\/politica-de-cookies\/"},"modified":"2024-10-07T16:36:07","modified_gmt":"2024-10-07T16:36:07","slug":"cookie-policy","status":"publish","type":"page","link":"https:\/\/fivir.es\/en\/cookie-policy\/","title":{"rendered":"Cookie Policy"},"content":{"rendered":"","protected":false},"excerpt":{"rendered":"","protected":false},"author":1,"featured_media":0,"parent":0,"menu_order":0,"comment_status":"closed","ping_status":"closed","template":"","meta":{"_acf_changed":false,"_joinchat":[],"footnotes":""},"class_list":["post-42853","page","type-page","status-publish","hentry"],"acf":[],"yoast_head":"<!-- This site is optimized with the Yoast SEO plugin v23.6 - https:\/\/yoast.com\/wordpress\/plugins\/seo\/ -->\n<title>Cookie Policy &#8212; Fivir<\/title>\n<meta name=\"robots\" content=\"noindex, follow\" \/>\n<meta property=\"og:locale\" content=\"en_US\" \/>\n<meta property=\"og:type\" content=\"article\" \/>\n<meta property=\"og:title\" content=\"Cookie Policy &#8212; Fivir\" \/>\n<meta property=\"og:url\" content=\"https:\/\/fivir.es\/en\/cookie-policy\/\" \/>\n<meta property=\"og:site_name\" content=\"Fivir\" \/>\n<meta property=\"article:publisher\" content=\"https:\/\/www.facebook.com\/Institutofivir\/\" \/>\n<meta property=\"article:modified_time\" content=\"2024-10-07T16:36:07+00:00\" \/>\n<meta name=\"twitter:card\" content=\"summary_large_image\" \/>\n<meta name=\"twitter:label1\" content=\"Est. reading time\" \/>\n\t<meta name=\"twitter:data1\" content=\"2 minutes\" \/>\n<script type=\"application\/ld+json\" class=\"yoast-schema-graph\">{\"@context\":\"https:\/\/schema.org\",\"@graph\":[{\"@type\":\"WebPage\",\"@id\":\"https:\/\/fivir.es\/en\/cookie-policy\/\",\"url\":\"https:\/\/fivir.es\/en\/cookie-policy\/\",\"name\":\"Cookie Policy &#8212; Fivir\",\"isPartOf\":{\"@id\":\"https:\/\/fivir.es\/en\/#website\"},\"datePublished\":\"2024-07-04T13:38:47+00:00\",\"dateModified\":\"2024-10-07T16:36:07+00:00\",\"breadcrumb\":{\"@id\":\"https:\/\/fivir.es\/en\/cookie-policy\/#breadcrumb\"},\"inLanguage\":\"en-US\",\"potentialAction\":[{\"@type\":\"ReadAction\",\"target\":[\"https:\/\/fivir.es\/en\/cookie-policy\/\"]}]},{\"@type\":\"BreadcrumbList\",\"@id\":\"https:\/\/fivir.es\/en\/cookie-policy\/#breadcrumb\",\"itemListElement\":[{\"@type\":\"ListItem\",\"position\":1,\"name\":\"Portada\",\"item\":\"https:\/\/fivir.es\/en\/home\/\"},{\"@type\":\"ListItem\",\"position\":2,\"name\":\"Cookie Policy\"}]},{\"@type\":\"WebSite\",\"@id\":\"https:\/\/fivir.es\/en\/#website\",\"url\":\"https:\/\/fivir.es\/en\/\",\"name\":\"FIVIR\",\"description\":\"Queremos ser tu cl\u00ednica de reproducci\u00f3n asistida y acompa\u00f1arte en el camino a la maternidad.\",\"alternateName\":\"FIVIR\",\"potentialAction\":[{\"@type\":\"SearchAction\",\"target\":{\"@type\":\"EntryPoint\",\"urlTemplate\":\"https:\/\/fivir.es\/en\/?s={search_term_string}\"},\"query-input\":{\"@type\":\"PropertyValueSpecification\",\"valueRequired\":true,\"valueName\":\"search_term_string\"}}],\"inLanguage\":\"en-US\"}]}<\/script>\n<!-- \/ Yoast SEO plugin. -->","yoast_head_json":{"title":"Cookie Policy &#8212; Fivir","robots":{"index":"noindex","follow":"follow"},"og_locale":"en_US","og_type":"article","og_title":"Cookie Policy &#8212; Fivir","og_url":"https:\/\/fivir.es\/en\/cookie-policy\/","og_site_name":"Fivir","article_publisher":"https:\/\/www.facebook.com\/Institutofivir\/","article_modified_time":"2024-10-07T16:36:07+00:00","twitter_card":"summary_large_image","twitter_misc":{"Est. reading time":"2 minutes"},"schema":{"@context":"https:\/\/schema.org","@graph":[{"@type":"WebPage","@id":"https:\/\/fivir.es\/en\/cookie-policy\/","url":"https:\/\/fivir.es\/en\/cookie-policy\/","name":"Cookie Policy &#8212; Fivir","isPartOf":{"@id":"https:\/\/fivir.es\/en\/#website"},"datePublished":"2024-07-04T13:38:47+00:00","dateModified":"2024-10-07T16:36:07+00:00","breadcrumb":{"@id":"https:\/\/fivir.es\/en\/cookie-policy\/#breadcrumb"},"inLanguage":"en-US","potentialAction":[{"@type":"ReadAction","target":["https:\/\/fivir.es\/en\/cookie-policy\/"]}]},{"@type":"BreadcrumbList","@id":"https:\/\/fivir.es\/en\/cookie-policy\/#breadcrumb","itemListElement":[{"@type":"ListItem","position":1,"name":"Portada","item":"https:\/\/fivir.es\/en\/home\/"},{"@type":"ListItem","position":2,"name":"Cookie Policy"}]},{"@type":"WebSite","@id":"https:\/\/fivir.es\/en\/#website","url":"https:\/\/fivir.es\/en\/","name":"FIVIR","description":"Queremos ser tu cl\u00ednica de reproducci\u00f3n asistida y acompa\u00f1arte en el camino a la maternidad.","alternateName":"FIVIR","potentialAction":[{"@type":"SearchAction","target":{"@type":"EntryPoint","urlTemplate":"https:\/\/fivir.es\/en\/?s={search_term_string}"},"query-input":{"@type":"PropertyValueSpecification","valueRequired":true,"valueName":"search_term_string"}}],"inLanguage":"en-US"}]}},"_links":{"self":[{"href":"https:\/\/fivir.es\/en\/wp-json\/wp\/v2\/pages\/42853","targetHints":{"allow":["GET"]}}],"collection":[{"href":"https:\/\/fivir.es\/en\/wp-json\/wp\/v2\/pages"}],"about":[{"href":"https:\/\/fivir.es\/en\/wp-json\/wp\/v2\/types\/page"}],"author":[{"embeddable":true,"href":"https:\/\/fivir.es\/en\/wp-json\/wp\/v2\/users\/1"}],"replies":[{"embeddable":true,"href":"https:\/\/fivir.es\/en\/wp-json\/wp\/v2\/comments?post=42853"}],"version-history":[{"count":1,"href":"https:\/\/fivir.es\/en\/wp-json\/wp\/v2\/pages\/42853\/revisions"}],"predecessor-version":[{"id":42857,"href":"https:\/\/fivir.es\/en\/wp-json\/wp\/v2\/pages\/42853\/revisions\/42857"}],"wp:attachment":[{"href":"https:\/\/fivir.es\/en\/wp-json\/wp\/v2\/media?parent=42853"}],"curies":[{"name":"wp","href":"https:\/\/api.w.org\/{rel}","templated":true}]}}