{"id":42927,"date":"2024-08-01T09:37:22","date_gmt":"2024-08-01T09:37:22","guid":{"rendered":"https:\/\/fivir.es\/papas\/"},"modified":"2024-09-26T09:04:52","modified_gmt":"2024-09-26T09:04:52","slug":"parents","status":"publish","type":"page","link":"https:\/\/fivir.es\/en\/parents\/","title":{"rendered":"Parents"},"content":{"rendered":"","protected":false},"excerpt":{"rendered":"","protected":false},"author":1,"featured_media":0,"parent":0,"menu_order":0,"comment_status":"closed","ping_status":"closed","template":"","meta":{"_acf_changed":false,"_joinchat":[],"footnotes":""},"class_list":["post-42927","page","type-page","status-publish","hentry"],"acf":[],"yoast_head":"<!-- This site is optimized with the Yoast SEO plugin v23.6 - https:\/\/yoast.com\/wordpress\/plugins\/seo\/ -->\n<title>If you&#039;re trying for a natural pregnancy and it&#039;s not happening, we can help you.<\/title>\n<meta name=\"description\" content=\"A complete fertility diagnosis in time can help you become parents as quickly as possible and with the best support. Schedule your first appointment!\" \/>\n<meta name=\"robots\" content=\"index, follow, max-snippet:-1, max-image-preview:large, max-video-preview:-1\" \/>\n<link rel=\"canonical\" href=\"https:\/\/fivir.es\/en\/parents\/\" \/>\n<meta property=\"og:locale\" content=\"en_US\" \/>\n<meta property=\"og:type\" content=\"article\" \/>\n<meta property=\"og:title\" content=\"If you&#039;re trying for a natural pregnancy and it&#039;s not happening, we can help you.\" \/>\n<meta property=\"og:description\" content=\"A complete fertility diagnosis in time can help you become parents as quickly as possible and with the best support. Schedule your first appointment!\" \/>\n<meta property=\"og:url\" content=\"https:\/\/fivir.es\/en\/parents\/\" \/>\n<meta property=\"og:site_name\" content=\"Fivir\" \/>\n<meta property=\"article:publisher\" content=\"https:\/\/www.facebook.com\/Institutofivir\/\" \/>\n<meta property=\"article:modified_time\" content=\"2024-09-26T09:04:52+00:00\" \/>\n<meta name=\"twitter:card\" content=\"summary_large_image\" \/>\n<meta name=\"twitter:label1\" content=\"Est. reading time\" \/>\n\t<meta name=\"twitter:data1\" content=\"5 minutes\" \/>\n<script type=\"application\/ld+json\" class=\"yoast-schema-graph\">{\"@context\":\"https:\/\/schema.org\",\"@graph\":[{\"@type\":\"WebPage\",\"@id\":\"https:\/\/fivir.es\/en\/parents\/\",\"url\":\"https:\/\/fivir.es\/en\/parents\/\",\"name\":\"If you're trying for a natural pregnancy and it's not happening, we can help you.\",\"isPartOf\":{\"@id\":\"https:\/\/fivir.es\/en\/#website\"},\"datePublished\":\"2024-08-01T09:37:22+00:00\",\"dateModified\":\"2024-09-26T09:04:52+00:00\",\"description\":\"A complete fertility diagnosis in time can help you become parents as quickly as possible and with the best support. Schedule your first appointment!\",\"breadcrumb\":{\"@id\":\"https:\/\/fivir.es\/en\/parents\/#breadcrumb\"},\"inLanguage\":\"en-US\",\"potentialAction\":[{\"@type\":\"ReadAction\",\"target\":[\"https:\/\/fivir.es\/en\/parents\/\"]}]},{\"@type\":\"BreadcrumbList\",\"@id\":\"https:\/\/fivir.es\/en\/parents\/#breadcrumb\",\"itemListElement\":[{\"@type\":\"ListItem\",\"position\":1,\"name\":\"Portada\",\"item\":\"https:\/\/fivir.es\/en\/home\/\"},{\"@type\":\"ListItem\",\"position\":2,\"name\":\"Parents\"}]},{\"@type\":\"WebSite\",\"@id\":\"https:\/\/fivir.es\/en\/#website\",\"url\":\"https:\/\/fivir.es\/en\/\",\"name\":\"FIVIR\",\"description\":\"Queremos ser tu cl\u00ednica de reproducci\u00f3n asistida y acompa\u00f1arte en el camino a la maternidad.\",\"alternateName\":\"FIVIR\",\"potentialAction\":[{\"@type\":\"SearchAction\",\"target\":{\"@type\":\"EntryPoint\",\"urlTemplate\":\"https:\/\/fivir.es\/en\/?s={search_term_string}\"},\"query-input\":{\"@type\":\"PropertyValueSpecification\",\"valueRequired\":true,\"valueName\":\"search_term_string\"}}],\"inLanguage\":\"en-US\"}]}<\/script>\n<!-- \/ Yoast SEO plugin. -->","yoast_head_json":{"title":"If you're trying for a natural pregnancy and it's not happening, we can help you.","description":"A complete fertility diagnosis in time can help you become parents as quickly as possible and with the best support. Schedule your first appointment!","robots":{"index":"index","follow":"follow","max-snippet":"max-snippet:-1","max-image-preview":"max-image-preview:large","max-video-preview":"max-video-preview:-1"},"canonical":"https:\/\/fivir.es\/en\/parents\/","og_locale":"en_US","og_type":"article","og_title":"If you're trying for a natural pregnancy and it's not happening, we can help you.","og_description":"A complete fertility diagnosis in time can help you become parents as quickly as possible and with the best support. Schedule your first appointment!","og_url":"https:\/\/fivir.es\/en\/parents\/","og_site_name":"Fivir","article_publisher":"https:\/\/www.facebook.com\/Institutofivir\/","article_modified_time":"2024-09-26T09:04:52+00:00","twitter_card":"summary_large_image","twitter_misc":{"Est. reading time":"5 minutes"},"schema":{"@context":"https:\/\/schema.org","@graph":[{"@type":"WebPage","@id":"https:\/\/fivir.es\/en\/parents\/","url":"https:\/\/fivir.es\/en\/parents\/","name":"If you're trying for a natural pregnancy and it's not happening, we can help you.","isPartOf":{"@id":"https:\/\/fivir.es\/en\/#website"},"datePublished":"2024-08-01T09:37:22+00:00","dateModified":"2024-09-26T09:04:52+00:00","description":"A complete fertility diagnosis in time can help you become parents as quickly as possible and with the best support. Schedule your first appointment!","breadcrumb":{"@id":"https:\/\/fivir.es\/en\/parents\/#breadcrumb"},"inLanguage":"en-US","potentialAction":[{"@type":"ReadAction","target":["https:\/\/fivir.es\/en\/parents\/"]}]},{"@type":"BreadcrumbList","@id":"https:\/\/fivir.es\/en\/parents\/#breadcrumb","itemListElement":[{"@type":"ListItem","position":1,"name":"Portada","item":"https:\/\/fivir.es\/en\/home\/"},{"@type":"ListItem","position":2,"name":"Parents"}]},{"@type":"WebSite","@id":"https:\/\/fivir.es\/en\/#website","url":"https:\/\/fivir.es\/en\/","name":"FIVIR","description":"Queremos ser tu cl\u00ednica de reproducci\u00f3n asistida y acompa\u00f1arte en el camino a la maternidad.","alternateName":"FIVIR","potentialAction":[{"@type":"SearchAction","target":{"@type":"EntryPoint","urlTemplate":"https:\/\/fivir.es\/en\/?s={search_term_string}"},"query-input":{"@type":"PropertyValueSpecification","valueRequired":true,"valueName":"search_term_string"}}],"inLanguage":"en-US"}]}},"_links":{"self":[{"href":"https:\/\/fivir.es\/en\/wp-json\/wp\/v2\/pages\/42927","targetHints":{"allow":["GET"]}}],"collection":[{"href":"https:\/\/fivir.es\/en\/wp-json\/wp\/v2\/pages"}],"about":[{"href":"https:\/\/fivir.es\/en\/wp-json\/wp\/v2\/types\/page"}],"author":[{"embeddable":true,"href":"https:\/\/fivir.es\/en\/wp-json\/wp\/v2\/users\/1"}],"replies":[{"embeddable":true,"href":"https:\/\/fivir.es\/en\/wp-json\/wp\/v2\/comments?post=42927"}],"version-history":[{"count":1,"href":"https:\/\/fivir.es\/en\/wp-json\/wp\/v2\/pages\/42927\/revisions"}],"predecessor-version":[{"id":42928,"href":"https:\/\/fivir.es\/en\/wp-json\/wp\/v2\/pages\/42927\/revisions\/42928"}],"wp:attachment":[{"href":"https:\/\/fivir.es\/en\/wp-json\/wp\/v2\/media?parent=42927"}],"curies":[{"name":"wp","href":"https:\/\/api.w.org\/{rel}","templated":true}]}}