{"id":43439,"date":"2025-07-03T11:19:10","date_gmt":"2025-07-03T11:19:10","guid":{"rendered":"https:\/\/fivir.es\/?page_id=43439"},"modified":"2025-07-03T11:19:11","modified_gmt":"2025-07-03T11:19:11","slug":"mothers-4","status":"publish","type":"page","link":"https:\/\/fivir.es\/en\/mothers-4\/","title":{"rendered":"Mothers"},"content":{"rendered":"","protected":false},"excerpt":{"rendered":"","protected":false},"author":2,"featured_media":43441,"parent":0,"menu_order":0,"comment_status":"closed","ping_status":"closed","template":"","meta":{"_acf_changed":false,"_joinchat":[],"footnotes":""},"class_list":["post-43439","page","type-page","status-publish","has-post-thumbnail","hentry"],"acf":[],"yoast_head":"<!-- This site is optimized with the Yoast SEO plugin v23.6 - https:\/\/yoast.com\/wordpress\/plugins\/seo\/ -->\n<title>Mommy and Mama, have you already decided who will be who?<\/title>\n<meta name=\"description\" content=\"At FIVIR, we help many female couples each year to form the family they desire. Together, we will plan the best strategy. Schedule your appointment!\" \/>\n<meta name=\"robots\" content=\"index, follow, max-snippet:-1, max-image-preview:large, max-video-preview:-1\" \/>\n<link rel=\"canonical\" href=\"https:\/\/fivir.es\/en\/mothers-4\/\" \/>\n<meta property=\"og:locale\" content=\"en_US\" \/>\n<meta property=\"og:type\" content=\"article\" \/>\n<meta property=\"og:title\" content=\"Mommy and Mama, have you already decided who will be who?\" \/>\n<meta property=\"og:description\" content=\"At FIVIR, we help many female couples each year to form the family they desire. Together, we will plan the best strategy. Schedule your appointment!\" \/>\n<meta property=\"og:url\" content=\"https:\/\/fivir.es\/en\/mothers-4\/\" \/>\n<meta property=\"og:site_name\" content=\"Fivir\" \/>\n<meta property=\"article:publisher\" content=\"https:\/\/www.facebook.com\/Institutofivir\/\" \/>\n<meta property=\"article:modified_time\" content=\"2025-07-03T11:19:11+00:00\" \/>\n<meta property=\"og:image\" content=\"https:\/\/fivir.es\/wp-content\/uploads\/2025\/04\/Diseno-sin-titulo-42.png\" \/>\n\t<meta property=\"og:image:width\" content=\"829\" \/>\n\t<meta property=\"og:image:height\" content=\"819\" \/>\n\t<meta property=\"og:image:type\" content=\"image\/png\" \/>\n<meta name=\"twitter:card\" content=\"summary_large_image\" \/>\n<meta name=\"twitter:label1\" content=\"Est. reading time\" \/>\n\t<meta name=\"twitter:data1\" content=\"4 minutes\" \/>\n<script type=\"application\/ld+json\" class=\"yoast-schema-graph\">{\"@context\":\"https:\/\/schema.org\",\"@graph\":[{\"@type\":\"WebPage\",\"@id\":\"https:\/\/fivir.es\/en\/mothers-4\/\",\"url\":\"https:\/\/fivir.es\/en\/mothers-4\/\",\"name\":\"Mommy and Mama, have you already decided who will be who?\",\"isPartOf\":{\"@id\":\"https:\/\/fivir.es\/en\/#website\"},\"primaryImageOfPage\":{\"@id\":\"https:\/\/fivir.es\/en\/mothers-4\/#primaryimage\"},\"image\":{\"@id\":\"https:\/\/fivir.es\/en\/mothers-4\/#primaryimage\"},\"thumbnailUrl\":\"https:\/\/fivir.es\/wp-content\/uploads\/2025\/07\/CAMPANA-MARZO-ABRIL-FIVIR.png\",\"datePublished\":\"2025-07-03T11:19:10+00:00\",\"dateModified\":\"2025-07-03T11:19:11+00:00\",\"description\":\"At FIVIR, we help many female couples each year to form the family they desire. Together, we will plan the best strategy. Schedule your appointment!\",\"breadcrumb\":{\"@id\":\"https:\/\/fivir.es\/en\/mothers-4\/#breadcrumb\"},\"inLanguage\":\"en-US\",\"potentialAction\":[{\"@type\":\"ReadAction\",\"target\":[\"https:\/\/fivir.es\/en\/mothers-4\/\"]}]},{\"@type\":\"ImageObject\",\"inLanguage\":\"en-US\",\"@id\":\"https:\/\/fivir.es\/en\/mothers-4\/#primaryimage\",\"url\":\"https:\/\/fivir.es\/wp-content\/uploads\/2025\/07\/CAMPANA-MARZO-ABRIL-FIVIR.png\",\"contentUrl\":\"https:\/\/fivir.es\/wp-content\/uploads\/2025\/07\/CAMPANA-MARZO-ABRIL-FIVIR.png\",\"width\":1920,\"height\":1080},{\"@type\":\"BreadcrumbList\",\"@id\":\"https:\/\/fivir.es\/en\/mothers-4\/#breadcrumb\",\"itemListElement\":[{\"@type\":\"ListItem\",\"position\":1,\"name\":\"Portada\",\"item\":\"https:\/\/fivir.es\/en\/home\/\"},{\"@type\":\"ListItem\",\"position\":2,\"name\":\"Mothers\"}]},{\"@type\":\"WebSite\",\"@id\":\"https:\/\/fivir.es\/en\/#website\",\"url\":\"https:\/\/fivir.es\/en\/\",\"name\":\"FIVIR\",\"description\":\"Queremos ser tu cl\u00ednica de reproducci\u00f3n asistida y acompa\u00f1arte en el camino a la maternidad.\",\"alternateName\":\"FIVIR\",\"potentialAction\":[{\"@type\":\"SearchAction\",\"target\":{\"@type\":\"EntryPoint\",\"urlTemplate\":\"https:\/\/fivir.es\/en\/?s={search_term_string}\"},\"query-input\":{\"@type\":\"PropertyValueSpecification\",\"valueRequired\":true,\"valueName\":\"search_term_string\"}}],\"inLanguage\":\"en-US\"}]}<\/script>\n<!-- \/ Yoast SEO plugin. -->","yoast_head_json":{"title":"Mommy and Mama, have you already decided who will be who?","description":"At FIVIR, we help many female couples each year to form the family they desire. Together, we will plan the best strategy. Schedule your appointment!","robots":{"index":"index","follow":"follow","max-snippet":"max-snippet:-1","max-image-preview":"max-image-preview:large","max-video-preview":"max-video-preview:-1"},"canonical":"https:\/\/fivir.es\/en\/mothers-4\/","og_locale":"en_US","og_type":"article","og_title":"Mommy and Mama, have you already decided who will be who?","og_description":"At FIVIR, we help many female couples each year to form the family they desire. Together, we will plan the best strategy. Schedule your appointment!","og_url":"https:\/\/fivir.es\/en\/mothers-4\/","og_site_name":"Fivir","article_publisher":"https:\/\/www.facebook.com\/Institutofivir\/","article_modified_time":"2025-07-03T11:19:11+00:00","og_image":[{"width":829,"height":819,"url":"https:\/\/fivir.es\/wp-content\/uploads\/2025\/04\/Diseno-sin-titulo-42.png","type":"image\/png"}],"twitter_card":"summary_large_image","twitter_misc":{"Est. reading time":"4 minutes"},"schema":{"@context":"https:\/\/schema.org","@graph":[{"@type":"WebPage","@id":"https:\/\/fivir.es\/en\/mothers-4\/","url":"https:\/\/fivir.es\/en\/mothers-4\/","name":"Mommy and Mama, have you already decided who will be who?","isPartOf":{"@id":"https:\/\/fivir.es\/en\/#website"},"primaryImageOfPage":{"@id":"https:\/\/fivir.es\/en\/mothers-4\/#primaryimage"},"image":{"@id":"https:\/\/fivir.es\/en\/mothers-4\/#primaryimage"},"thumbnailUrl":"https:\/\/fivir.es\/wp-content\/uploads\/2025\/07\/CAMPANA-MARZO-ABRIL-FIVIR.png","datePublished":"2025-07-03T11:19:10+00:00","dateModified":"2025-07-03T11:19:11+00:00","description":"At FIVIR, we help many female couples each year to form the family they desire. Together, we will plan the best strategy. Schedule your appointment!","breadcrumb":{"@id":"https:\/\/fivir.es\/en\/mothers-4\/#breadcrumb"},"inLanguage":"en-US","potentialAction":[{"@type":"ReadAction","target":["https:\/\/fivir.es\/en\/mothers-4\/"]}]},{"@type":"ImageObject","inLanguage":"en-US","@id":"https:\/\/fivir.es\/en\/mothers-4\/#primaryimage","url":"https:\/\/fivir.es\/wp-content\/uploads\/2025\/07\/CAMPANA-MARZO-ABRIL-FIVIR.png","contentUrl":"https:\/\/fivir.es\/wp-content\/uploads\/2025\/07\/CAMPANA-MARZO-ABRIL-FIVIR.png","width":1920,"height":1080},{"@type":"BreadcrumbList","@id":"https:\/\/fivir.es\/en\/mothers-4\/#breadcrumb","itemListElement":[{"@type":"ListItem","position":1,"name":"Portada","item":"https:\/\/fivir.es\/en\/home\/"},{"@type":"ListItem","position":2,"name":"Mothers"}]},{"@type":"WebSite","@id":"https:\/\/fivir.es\/en\/#website","url":"https:\/\/fivir.es\/en\/","name":"FIVIR","description":"Queremos ser tu cl\u00ednica de reproducci\u00f3n asistida y acompa\u00f1arte en el camino a la maternidad.","alternateName":"FIVIR","potentialAction":[{"@type":"SearchAction","target":{"@type":"EntryPoint","urlTemplate":"https:\/\/fivir.es\/en\/?s={search_term_string}"},"query-input":{"@type":"PropertyValueSpecification","valueRequired":true,"valueName":"search_term_string"}}],"inLanguage":"en-US"}]}},"_links":{"self":[{"href":"https:\/\/fivir.es\/en\/wp-json\/wp\/v2\/pages\/43439","targetHints":{"allow":["GET"]}}],"collection":[{"href":"https:\/\/fivir.es\/en\/wp-json\/wp\/v2\/pages"}],"about":[{"href":"https:\/\/fivir.es\/en\/wp-json\/wp\/v2\/types\/page"}],"author":[{"embeddable":true,"href":"https:\/\/fivir.es\/en\/wp-json\/wp\/v2\/users\/2"}],"replies":[{"embeddable":true,"href":"https:\/\/fivir.es\/en\/wp-json\/wp\/v2\/comments?post=43439"}],"version-history":[{"count":1,"href":"https:\/\/fivir.es\/en\/wp-json\/wp\/v2\/pages\/43439\/revisions"}],"predecessor-version":[{"id":43452,"href":"https:\/\/fivir.es\/en\/wp-json\/wp\/v2\/pages\/43439\/revisions\/43452"}],"wp:featuredmedia":[{"embeddable":true,"href":"https:\/\/fivir.es\/en\/wp-json\/wp\/v2\/media\/43441"}],"wp:attachment":[{"href":"https:\/\/fivir.es\/en\/wp-json\/wp\/v2\/media?parent=43439"}],"curies":[{"name":"wp","href":"https:\/\/api.w.org\/{rel}","templated":true}]}}