{"id":43180,"date":"2024-10-08T12:10:16","date_gmt":"2024-10-08T12:10:16","guid":{"rendered":"https:\/\/fivir.es\/fivir-home\/"},"modified":"2024-10-08T12:13:47","modified_gmt":"2024-10-08T12:13:47","slug":"fivir-home","status":"publish","type":"page","link":"https:\/\/fivir.es\/fr\/fivir-home\/","title":{"rendered":"Fivir Home"},"content":{"rendered":"","protected":false},"excerpt":{"rendered":"","protected":false},"author":1,"featured_media":0,"parent":0,"menu_order":0,"comment_status":"closed","ping_status":"closed","template":"","meta":{"_acf_changed":false,"_joinchat":[],"footnotes":""},"class_list":["post-43180","page","type-page","status-publish","hentry"],"acf":[],"yoast_head":"<!-- This site is optimized with the Yoast SEO plugin v23.6 - https:\/\/yoast.com\/wordpress\/plugins\/seo\/ -->\n<title>R\u00e9alisez votre r\u00eave de devenir maman ! Votre b\u00e9b\u00e9, votre famille.<\/title>\n<meta name=\"description\" content=\"\u00catre maman est au-dessus de tout. Si vous pensez que le moment est venu, f\u00e9licitations ! Vous \u00eates dans la clinique qu&#039;il vous faut. Prenez rendez-vous!\" \/>\n<meta name=\"robots\" content=\"index, follow, max-snippet:-1, max-image-preview:large, max-video-preview:-1\" \/>\n<link rel=\"canonical\" href=\"https:\/\/fivir.es\/fr\/fivir-home\/\" \/>\n<meta property=\"og:locale\" content=\"fr_FR\" \/>\n<meta property=\"og:type\" content=\"article\" \/>\n<meta property=\"og:title\" content=\"R\u00e9alisez votre r\u00eave de devenir maman ! Votre b\u00e9b\u00e9, votre famille.\" \/>\n<meta property=\"og:description\" content=\"\u00catre maman est au-dessus de tout. Si vous pensez que le moment est venu, f\u00e9licitations ! Vous \u00eates dans la clinique qu&#039;il vous faut. Prenez rendez-vous!\" \/>\n<meta property=\"og:url\" content=\"https:\/\/fivir.es\/fr\/fivir-home\/\" \/>\n<meta property=\"og:site_name\" content=\"Fivir\" \/>\n<meta property=\"article:publisher\" content=\"https:\/\/www.facebook.com\/Institutofivir\/\" \/>\n<meta property=\"article:modified_time\" content=\"2024-10-08T12:13:47+00:00\" \/>\n<meta name=\"twitter:card\" content=\"summary_large_image\" \/>\n<meta name=\"twitter:label1\" content=\"Dur\u00e9e de lecture estim\u00e9e\" \/>\n\t<meta name=\"twitter:data1\" content=\"6 minutes\" \/>\n<script type=\"application\/ld+json\" class=\"yoast-schema-graph\">{\"@context\":\"https:\/\/schema.org\",\"@graph\":[{\"@type\":\"WebPage\",\"@id\":\"https:\/\/fivir.es\/fr\/fivir-home\/\",\"url\":\"https:\/\/fivir.es\/fr\/fivir-home\/\",\"name\":\"R\u00e9alisez votre r\u00eave de devenir maman ! Votre b\u00e9b\u00e9, votre famille.\",\"isPartOf\":{\"@id\":\"https:\/\/fivir.es\/fr\/#website\"},\"datePublished\":\"2024-10-08T12:10:16+00:00\",\"dateModified\":\"2024-10-08T12:13:47+00:00\",\"description\":\"\u00catre maman est au-dessus de tout. Si vous pensez que le moment est venu, f\u00e9licitations ! Vous \u00eates dans la clinique qu'il vous faut. Prenez rendez-vous!\",\"breadcrumb\":{\"@id\":\"https:\/\/fivir.es\/fr\/fivir-home\/#breadcrumb\"},\"inLanguage\":\"fr-FR\",\"potentialAction\":[{\"@type\":\"ReadAction\",\"target\":[\"https:\/\/fivir.es\/fr\/fivir-home\/\"]}]},{\"@type\":\"BreadcrumbList\",\"@id\":\"https:\/\/fivir.es\/fr\/fivir-home\/#breadcrumb\",\"itemListElement\":[{\"@type\":\"ListItem\",\"position\":1,\"name\":\"Portada\",\"item\":\"https:\/\/fivir.es\/fr\/\"},{\"@type\":\"ListItem\",\"position\":2,\"name\":\"Fivir Home\"}]},{\"@type\":\"WebSite\",\"@id\":\"https:\/\/fivir.es\/fr\/#website\",\"url\":\"https:\/\/fivir.es\/fr\/\",\"name\":\"FIVIR\",\"description\":\"Queremos ser tu cl\u00ednica de reproducci\u00f3n asistida y acompa\u00f1arte en el camino a la maternidad.\",\"alternateName\":\"FIVIR\",\"potentialAction\":[{\"@type\":\"SearchAction\",\"target\":{\"@type\":\"EntryPoint\",\"urlTemplate\":\"https:\/\/fivir.es\/fr\/?s={search_term_string}\"},\"query-input\":{\"@type\":\"PropertyValueSpecification\",\"valueRequired\":true,\"valueName\":\"search_term_string\"}}],\"inLanguage\":\"fr-FR\"}]}<\/script>\n<!-- \/ Yoast SEO plugin. -->","yoast_head_json":{"title":"R\u00e9alisez votre r\u00eave de devenir maman ! Votre b\u00e9b\u00e9, votre famille.","description":"\u00catre maman est au-dessus de tout. Si vous pensez que le moment est venu, f\u00e9licitations ! Vous \u00eates dans la clinique qu'il vous faut. Prenez rendez-vous!","robots":{"index":"index","follow":"follow","max-snippet":"max-snippet:-1","max-image-preview":"max-image-preview:large","max-video-preview":"max-video-preview:-1"},"canonical":"https:\/\/fivir.es\/fr\/fivir-home\/","og_locale":"fr_FR","og_type":"article","og_title":"R\u00e9alisez votre r\u00eave de devenir maman ! Votre b\u00e9b\u00e9, votre famille.","og_description":"\u00catre maman est au-dessus de tout. Si vous pensez que le moment est venu, f\u00e9licitations ! Vous \u00eates dans la clinique qu'il vous faut. Prenez rendez-vous!","og_url":"https:\/\/fivir.es\/fr\/fivir-home\/","og_site_name":"Fivir","article_publisher":"https:\/\/www.facebook.com\/Institutofivir\/","article_modified_time":"2024-10-08T12:13:47+00:00","twitter_card":"summary_large_image","twitter_misc":{"Dur\u00e9e de lecture estim\u00e9e":"6 minutes"},"schema":{"@context":"https:\/\/schema.org","@graph":[{"@type":"WebPage","@id":"https:\/\/fivir.es\/fr\/fivir-home\/","url":"https:\/\/fivir.es\/fr\/fivir-home\/","name":"R\u00e9alisez votre r\u00eave de devenir maman ! Votre b\u00e9b\u00e9, votre famille.","isPartOf":{"@id":"https:\/\/fivir.es\/fr\/#website"},"datePublished":"2024-10-08T12:10:16+00:00","dateModified":"2024-10-08T12:13:47+00:00","description":"\u00catre maman est au-dessus de tout. Si vous pensez que le moment est venu, f\u00e9licitations ! Vous \u00eates dans la clinique qu'il vous faut. Prenez rendez-vous!","breadcrumb":{"@id":"https:\/\/fivir.es\/fr\/fivir-home\/#breadcrumb"},"inLanguage":"fr-FR","potentialAction":[{"@type":"ReadAction","target":["https:\/\/fivir.es\/fr\/fivir-home\/"]}]},{"@type":"BreadcrumbList","@id":"https:\/\/fivir.es\/fr\/fivir-home\/#breadcrumb","itemListElement":[{"@type":"ListItem","position":1,"name":"Portada","item":"https:\/\/fivir.es\/fr\/"},{"@type":"ListItem","position":2,"name":"Fivir Home"}]},{"@type":"WebSite","@id":"https:\/\/fivir.es\/fr\/#website","url":"https:\/\/fivir.es\/fr\/","name":"FIVIR","description":"Queremos ser tu cl\u00ednica de reproducci\u00f3n asistida y acompa\u00f1arte en el camino a la maternidad.","alternateName":"FIVIR","potentialAction":[{"@type":"SearchAction","target":{"@type":"EntryPoint","urlTemplate":"https:\/\/fivir.es\/fr\/?s={search_term_string}"},"query-input":{"@type":"PropertyValueSpecification","valueRequired":true,"valueName":"search_term_string"}}],"inLanguage":"fr-FR"}]}},"_links":{"self":[{"href":"https:\/\/fivir.es\/fr\/wp-json\/wp\/v2\/pages\/43180","targetHints":{"allow":["GET"]}}],"collection":[{"href":"https:\/\/fivir.es\/fr\/wp-json\/wp\/v2\/pages"}],"about":[{"href":"https:\/\/fivir.es\/fr\/wp-json\/wp\/v2\/types\/page"}],"author":[{"embeddable":true,"href":"https:\/\/fivir.es\/fr\/wp-json\/wp\/v2\/users\/1"}],"replies":[{"embeddable":true,"href":"https:\/\/fivir.es\/fr\/wp-json\/wp\/v2\/comments?post=43180"}],"version-history":[{"count":1,"href":"https:\/\/fivir.es\/fr\/wp-json\/wp\/v2\/pages\/43180\/revisions"}],"predecessor-version":[{"id":43183,"href":"https:\/\/fivir.es\/fr\/wp-json\/wp\/v2\/pages\/43180\/revisions\/43183"}],"wp:attachment":[{"href":"https:\/\/fivir.es\/fr\/wp-json\/wp\/v2\/media?parent=43180"}],"curies":[{"name":"wp","href":"https:\/\/api.w.org\/{rel}","templated":true}]}}