{"id":42943,"date":"2024-07-04T13:38:47","date_gmt":"2024-07-04T13:38:47","guid":{"rendered":"https:\/\/fivir.es\/politica-de-cookies\/"},"modified":"2024-10-04T16:49:07","modified_gmt":"2024-10-04T16:49:07","slug":"politica-sui-cookie","status":"publish","type":"page","link":"https:\/\/fivir.es\/it\/politica-sui-cookie\/","title":{"rendered":"Politica sui Cookie"},"content":{"rendered":"","protected":false},"excerpt":{"rendered":"","protected":false},"author":1,"featured_media":0,"parent":0,"menu_order":0,"comment_status":"closed","ping_status":"closed","template":"","meta":{"_acf_changed":false,"_joinchat":[],"footnotes":""},"class_list":["post-42943","page","type-page","status-publish","hentry"],"acf":[],"yoast_head":"<!-- This site is optimized with the Yoast SEO plugin v23.6 - https:\/\/yoast.com\/wordpress\/plugins\/seo\/ -->\n<title>Politica sui Cookie &#8212; Fivir<\/title>\n<meta name=\"robots\" content=\"noindex, follow\" \/>\n<meta property=\"og:locale\" content=\"it_IT\" \/>\n<meta property=\"og:type\" content=\"article\" \/>\n<meta property=\"og:title\" content=\"Politica sui Cookie &#8212; Fivir\" \/>\n<meta property=\"og:url\" content=\"https:\/\/fivir.es\/it\/politica-sui-cookie\/\" \/>\n<meta property=\"og:site_name\" content=\"Fivir\" \/>\n<meta property=\"article:publisher\" content=\"https:\/\/www.facebook.com\/Institutofivir\/\" \/>\n<meta property=\"article:modified_time\" content=\"2024-10-04T16:49:07+00:00\" \/>\n<meta name=\"twitter:card\" content=\"summary_large_image\" \/>\n<script type=\"application\/ld+json\" class=\"yoast-schema-graph\">{\"@context\":\"https:\/\/schema.org\",\"@graph\":[{\"@type\":\"WebPage\",\"@id\":\"https:\/\/fivir.es\/it\/politica-sui-cookie\/\",\"url\":\"https:\/\/fivir.es\/it\/politica-sui-cookie\/\",\"name\":\"Politica sui Cookie &#8212; Fivir\",\"isPartOf\":{\"@id\":\"https:\/\/fivir.es\/it\/#website\"},\"datePublished\":\"2024-07-04T13:38:47+00:00\",\"dateModified\":\"2024-10-04T16:49:07+00:00\",\"breadcrumb\":{\"@id\":\"https:\/\/fivir.es\/it\/politica-sui-cookie\/#breadcrumb\"},\"inLanguage\":\"it-IT\",\"potentialAction\":[{\"@type\":\"ReadAction\",\"target\":[\"https:\/\/fivir.es\/it\/politica-sui-cookie\/\"]}]},{\"@type\":\"BreadcrumbList\",\"@id\":\"https:\/\/fivir.es\/it\/politica-sui-cookie\/#breadcrumb\",\"itemListElement\":[{\"@type\":\"ListItem\",\"position\":1,\"name\":\"Portada\",\"item\":\"https:\/\/fivir.es\/it\/\"},{\"@type\":\"ListItem\",\"position\":2,\"name\":\"Politica sui Cookie\"}]},{\"@type\":\"WebSite\",\"@id\":\"https:\/\/fivir.es\/it\/#website\",\"url\":\"https:\/\/fivir.es\/it\/\",\"name\":\"FIVIR\",\"description\":\"Queremos ser tu cl\u00ednica de reproducci\u00f3n asistida y acompa\u00f1arte en el camino a la maternidad.\",\"alternateName\":\"FIVIR\",\"potentialAction\":[{\"@type\":\"SearchAction\",\"target\":{\"@type\":\"EntryPoint\",\"urlTemplate\":\"https:\/\/fivir.es\/it\/?s={search_term_string}\"},\"query-input\":{\"@type\":\"PropertyValueSpecification\",\"valueRequired\":true,\"valueName\":\"search_term_string\"}}],\"inLanguage\":\"it-IT\"}]}<\/script>\n<!-- \/ Yoast SEO plugin. -->","yoast_head_json":{"title":"Politica sui Cookie &#8212; Fivir","robots":{"index":"noindex","follow":"follow"},"og_locale":"it_IT","og_type":"article","og_title":"Politica sui Cookie &#8212; Fivir","og_url":"https:\/\/fivir.es\/it\/politica-sui-cookie\/","og_site_name":"Fivir","article_publisher":"https:\/\/www.facebook.com\/Institutofivir\/","article_modified_time":"2024-10-04T16:49:07+00:00","twitter_card":"summary_large_image","schema":{"@context":"https:\/\/schema.org","@graph":[{"@type":"WebPage","@id":"https:\/\/fivir.es\/it\/politica-sui-cookie\/","url":"https:\/\/fivir.es\/it\/politica-sui-cookie\/","name":"Politica sui Cookie &#8212; Fivir","isPartOf":{"@id":"https:\/\/fivir.es\/it\/#website"},"datePublished":"2024-07-04T13:38:47+00:00","dateModified":"2024-10-04T16:49:07+00:00","breadcrumb":{"@id":"https:\/\/fivir.es\/it\/politica-sui-cookie\/#breadcrumb"},"inLanguage":"it-IT","potentialAction":[{"@type":"ReadAction","target":["https:\/\/fivir.es\/it\/politica-sui-cookie\/"]}]},{"@type":"BreadcrumbList","@id":"https:\/\/fivir.es\/it\/politica-sui-cookie\/#breadcrumb","itemListElement":[{"@type":"ListItem","position":1,"name":"Portada","item":"https:\/\/fivir.es\/it\/"},{"@type":"ListItem","position":2,"name":"Politica sui Cookie"}]},{"@type":"WebSite","@id":"https:\/\/fivir.es\/it\/#website","url":"https:\/\/fivir.es\/it\/","name":"FIVIR","description":"Queremos ser tu cl\u00ednica de reproducci\u00f3n asistida y acompa\u00f1arte en el camino a la maternidad.","alternateName":"FIVIR","potentialAction":[{"@type":"SearchAction","target":{"@type":"EntryPoint","urlTemplate":"https:\/\/fivir.es\/it\/?s={search_term_string}"},"query-input":{"@type":"PropertyValueSpecification","valueRequired":true,"valueName":"search_term_string"}}],"inLanguage":"it-IT"}]}},"_links":{"self":[{"href":"https:\/\/fivir.es\/it\/wp-json\/wp\/v2\/pages\/42943","targetHints":{"allow":["GET"]}}],"collection":[{"href":"https:\/\/fivir.es\/it\/wp-json\/wp\/v2\/pages"}],"about":[{"href":"https:\/\/fivir.es\/it\/wp-json\/wp\/v2\/types\/page"}],"author":[{"embeddable":true,"href":"https:\/\/fivir.es\/it\/wp-json\/wp\/v2\/users\/1"}],"replies":[{"embeddable":true,"href":"https:\/\/fivir.es\/it\/wp-json\/wp\/v2\/comments?post=42943"}],"version-history":[{"count":2,"href":"https:\/\/fivir.es\/it\/wp-json\/wp\/v2\/pages\/42943\/revisions"}],"predecessor-version":[{"id":43005,"href":"https:\/\/fivir.es\/it\/wp-json\/wp\/v2\/pages\/42943\/revisions\/43005"}],"wp:attachment":[{"href":"https:\/\/fivir.es\/it\/wp-json\/wp\/v2\/media?parent=42943"}],"curies":[{"name":"wp","href":"https:\/\/api.w.org\/{rel}","templated":true}]}}